{"id":8812,"date":"2024-09-24T11:49:38","date_gmt":"2024-09-24T09:49:38","guid":{"rendered":"https:\/\/temket.com\/ueber-uns\/"},"modified":"2024-09-30T11:41:36","modified_gmt":"2024-09-30T09:41:36","slug":"ueber-uns","status":"publish","type":"page","link":"https:\/\/temket.com\/de\/ueber-uns\/","title":{"rendered":"\u00dcber uns"},"content":{"rendered":"<h1>\u00dcber uns<\/h1>\n<div>\n<div class=\"uk-visible@s\">Der Standard bei Isoliermatratzen<\/div>\n<\/div>\n<h1>Mehr \u00fcber Temket<\/h1>\n<div>\n<p>Unter dem Markennamen Temket liefert Temati <a href=\"https:\/\/temket.com\/de\/abnehmbare-isoliermatratzen\/\">Isoliermatratzen<\/a>, die in der Industrie eingesetzt werden. Diese Matratzen werden nach den Spezifikationen des Kunden hergestellt. Die Montage dieser Matratzen wird von Spezialisten durchgef\u00fchrt und erfordert Erfahrung und Fachwissen.<\/p>\n<p>Wir haben eine Reihe von Isoliermatratzen speziell f\u00fcr die Industrie entwickelt, die ohne technische Kenntnisse installiert werden k\u00f6nnen. Dadurch sparen Sie Kosten und Energie. Au\u00dferdem erf\u00fcllen Sie sofort die entsprechenden Anforderungen des Umweltamtes.<\/p>\n<\/div>\n<div>\n<p>Experten f\u00fcr Isolierung seit 1962!<\/p>\n<\/div>\n<h1>\u00dcber\u00a0Temati<\/h1>\n<div>\n<p>Die Temati-Gruppe ist ein internationaler Anbieter von Schutz- und technischen Hilfsmitteln f\u00fcr die Isolierindustrie. Unser Produktportfolio ist eine Mischung aus selbst hergestellten Produkten, exklusiv vertriebenen Produkten und zugekauften Produkten.<\/p>\n<p>Temati ist der exklusive Vertriebspartner von H.B. Fuller f\u00fcr Foster\u00ae und Childers\u00ae Produkte in Europa, Russland, der kaspischen Region und Nordafrika. Die Temati-Gruppe, die nach ISO 9001 zertifiziert ist und ihren Hauptsitz in den Niederlanden hat, wurde 1962 gegr\u00fcndet.<\/p>\n<\/div>\n<p>\n    <a href=\"https:\/\/www.temati.com\/de\/uber-uns\/\">Lesen Sie die ganze Geschichte auf Temati.com<\/a>\n<\/p>\n<hr>\n<p><!--more--><br \/>\n<!-- {\"name\":\"Over ons NL\",\"type\":\"layout\",\"children\":[{\"type\":\"section\",\"props\":{\"image\":\"wp-content\\\/uploads\\\/inside-Temati-office.jpg\",\"image_position\":\"top-right\",\"image_size\":\"cover\",\"media_overlay\":\"rgba(8, 8, 8, 0.5)\",\"style\":\"default\",\"text_color\":\"light\",\"title_breakpoint\":\"xl\",\"title_position\":\"top-left\",\"title_rotation\":\"left\",\"vertical_align\":\"middle\",\"width\":\"default\"},\"children\":[{\"type\":\"row\",\"props\":{\"column_gap\":\"collapse\",\"margin\":\"large\",\"row_gap\":\"collapse\"},\"children\":[{\"type\":\"column\",\"props\":{\"image_position\":\"center-center\",\"image_size\":\"cover\",\"position_sticky_breakpoint\":\"m\"},\"children\":[{\"type\":\"headline\",\"props\":{\"content\":\"\\u00dcber uns\",\"margin\":\"large\",\"margin_remove_bottom\":false,\"title_element\":\"h1\"}}]}]}]},{\"type\":\"section\",\"props\":{\"image_position\":\"center-center\",\"style\":\"default\",\"title_breakpoint\":\"xl\",\"title_position\":\"top-left\",\"title_rotation\":\"left\",\"vertical_align\":\"middle\",\"width\":\"default\"},\"children\":[{\"type\":\"row\",\"props\":{\"layout\":\"1-2,1-2\"},\"children\":[{\"type\":\"column\",\"props\":{\"image_position\":\"center-center\",\"position_sticky_breakpoint\":\"m\",\"width_medium\":\"1-2\"},\"children\":[{\"type\":\"text\",\"props\":{\"column_breakpoint\":\"m\",\"content\":\"\n\n<div class=\\\"uk-visible@s\\\">Der Standard bei Isoliermatratzen<\\\/div>\",\"margin\":\"default\",\"margin_remove_bottom\":true}},{\"type\":\"headline\",\"props\":{\"content\":\"Mehr \\u00fcber Temket\",\"margin_remove_top\":true,\"title_element\":\"h1\"}},{\"type\":\"text\",\"props\":{\"column_breakpoint\":\"m\",\"content\":\"\n\n<p>Unter dem Markennamen Temket liefert Temati <a href=\\\"https:\\\/\\\/temket.com\\\/de\\\/abnehmbare-isoliermatratzen\\\/\\\">Isoliermatratzen<\\\/a>, die in der Industrie eingesetzt werden. Diese Matratzen werden nach den Spezifikationen des Kunden hergestellt. Die Montage dieser Matratzen wird von Spezialisten durchgef\\u00fchrt und erfordert Erfahrung und Fachwissen.<\\\/p>\\n\n\n<p>Wir haben eine Reihe von Isoliermatratzen speziell f\\u00fcr die Industrie entwickelt, die ohne technische Kenntnisse installiert werden k\\u00f6nnen. Dadurch sparen Sie Kosten und Energie. Au\\u00dferdem erf\\u00fcllen Sie sofort die entsprechenden Anforderungen des Umweltamtes.<\\\/p>\",\"margin\":\"default\"}}]},{\"type\":\"column\",\"props\":{\"image_position\":\"center-center\",\"position_sticky_breakpoint\":\"m\",\"width_medium\":\"1-2\"},\"children\":[{\"type\":\"text\",\"props\":{\"column_breakpoint\":\"m\",\"content\":\"\n\n<p>Experten f\\u00fcr Isolierung seit 1962!<\\\/p>\",\"margin\":\"default\",\"margin_remove_bottom\":true}},{\"type\":\"headline\",\"props\":{\"content\":\"\\u00dcber\\u00a0Temati\",\"margin_remove_top\":true,\"title_element\":\"h1\"}},{\"type\":\"text\",\"props\":{\"column_breakpoint\":\"m\",\"content\":\"\n\n<p>Die Temati-Gruppe ist ein internationaler Anbieter von Schutz- und technischen Hilfsmitteln f\\u00fcr die Isolierindustrie. Unser Produktportfolio ist eine Mischung aus selbst hergestellten Produkten, exklusiv vertriebenen Produkten und zugekauften Produkten.<\\\/p>\\n\n\n<p>Temati ist der exklusive Vertriebspartner von H.B. Fuller f\\u00fcr Foster\\u00ae und Childers\\u00ae Produkte in Europa, Russland, der kaspischen Region und Nordafrika. Die Temati-Gruppe, die nach ISO 9001 zertifiziert ist und ihren Hauptsitz in den Niederlanden hat, wurde 1962 gegr\\u00fcndet.<\\\/p>\",\"margin\":\"default\"}},{\"type\":\"button\",\"props\":{\"grid_column_gap\":\"small\",\"grid_row_gap\":\"small\",\"margin\":\"default\"},\"children\":[{\"type\":\"button_item\",\"props\":{\"button_style\":\"primary\",\"content\":\"Lesen Sie die ganze Geschichte auf Temati.com\",\"icon\":\"arrow-right\",\"icon_align\":\"right\",\"link\":\"https:\\\/\\\/www.temati.com\\\/de\\\/uber-uns\\\/\"}}]}]}]}]},{\"type\":\"section\",\"props\":{\"image_position\":\"center-center\",\"padding_remove_top\":true,\"style\":\"default\",\"title_breakpoint\":\"xl\",\"title_position\":\"top-left\",\"title_rotation\":\"left\",\"vertical_align\":\"middle\",\"width\":\"default\"},\"children\":[{\"type\":\"row\",\"children\":[{\"type\":\"column\",\"props\":{\"image_position\":\"center-center\",\"position_sticky_breakpoint\":\"m\"},\"children\":[{\"type\":\"divider\",\"props\":{\"divider_element\":\"hr\"}}]}]}]}],\"version\":\"4.3.4\"} --><\/p>\n","protected":false},"excerpt":{"rendered":"<p>\u00dcber uns Der Standard bei Isoliermatratzen Mehr \u00fcber Temket Unter dem Markennamen Temket liefert Temati Isoliermatratzen, die in der Industrie eingesetzt werden. Diese Matratzen werden nach den Spezifikationen des Kunden hergestellt. Die Montage dieser Matratzen wird von Spezialisten durchgef\u00fchrt und erfordert Erfahrung und Fachwissen. Wir haben eine Reihe von Isoliermatratzen speziell f\u00fcr die Industrie entwickelt, [&hellip;]<\/p>\n","protected":false},"author":2,"featured_media":0,"parent":0,"menu_order":0,"comment_status":"closed","ping_status":"closed","template":"","meta":{"footnotes":""},"class_list":["post-8812","page","type-page","status-publish","hentry"],"yoast_head":"<!-- This site is optimized with the Yoast SEO plugin v26.9 - https:\/\/yoast.com\/product\/yoast-seo-wordpress\/ -->\n<title>\u00dcber uns - Temket<\/title>\n<meta name=\"description\" content=\"Erfahren Sie mehr \u00fcber Temati als internationalen Lieferanten von Isoliermatratzen. Die Temket-Universallinie und ma\u00dfgefertigte Matratzen.\" \/>\n<meta name=\"robots\" content=\"index, follow, max-snippet:-1, max-image-preview:large, max-video-preview:-1\" \/>\n<link rel=\"canonical\" href=\"https:\/\/temket.com\/de\/ueber-uns\/\" \/>\n<meta property=\"og:locale\" content=\"de_DE\" \/>\n<meta property=\"og:type\" content=\"article\" \/>\n<meta property=\"og:title\" content=\"\u00dcber uns - Temket\" \/>\n<meta property=\"og:description\" content=\"Erfahren Sie mehr \u00fcber Temati als internationalen Lieferanten von Isoliermatratzen. Die Temket-Universallinie und ma\u00dfgefertigte Matratzen.\" \/>\n<meta property=\"og:url\" content=\"https:\/\/temket.com\/de\/ueber-uns\/\" \/>\n<meta property=\"og:site_name\" content=\"Temket\" \/>\n<meta property=\"article:publisher\" content=\"https:\/\/www.linkedin.com\/company\/temati\/\" \/>\n<meta property=\"article:modified_time\" content=\"2024-09-30T09:41:36+00:00\" \/>\n<meta name=\"twitter:card\" content=\"summary_large_image\" \/>\n<meta name=\"twitter:label1\" content=\"Gesch\u00e4tzte Lesezeit\" \/>\n\t<meta name=\"twitter:data1\" content=\"1\u00a0Minute\" \/>\n<script type=\"application\/ld+json\" class=\"yoast-schema-graph\">{\"@context\":\"https:\/\/schema.org\",\"@graph\":[{\"@type\":\"WebPage\",\"@id\":\"https:\/\/temket.com\/de\/ueber-uns\/\",\"url\":\"https:\/\/temket.com\/de\/ueber-uns\/\",\"name\":\"\u00dcber uns - Temket\",\"isPartOf\":{\"@id\":\"https:\/\/temket.com\/de\/#website\"},\"datePublished\":\"2024-09-24T09:49:38+00:00\",\"dateModified\":\"2024-09-30T09:41:36+00:00\",\"description\":\"Erfahren Sie mehr \u00fcber Temati als internationalen Lieferanten von Isoliermatratzen. Die Temket-Universallinie und ma\u00dfgefertigte Matratzen.\",\"breadcrumb\":{\"@id\":\"https:\/\/temket.com\/de\/ueber-uns\/#breadcrumb\"},\"inLanguage\":\"de\",\"potentialAction\":[{\"@type\":\"ReadAction\",\"target\":[\"https:\/\/temket.com\/de\/ueber-uns\/\"]}]},{\"@type\":\"BreadcrumbList\",\"@id\":\"https:\/\/temket.com\/de\/ueber-uns\/#breadcrumb\",\"itemListElement\":[{\"@type\":\"ListItem\",\"position\":1,\"name\":\"Home\",\"item\":\"https:\/\/temket.com\/de\/\"},{\"@type\":\"ListItem\",\"position\":2,\"name\":\"\u00dcber uns\"}]},{\"@type\":\"WebSite\",\"@id\":\"https:\/\/temket.com\/de\/#website\",\"url\":\"https:\/\/temket.com\/de\/\",\"name\":\"Temket isolatiematrassen\",\"description\":\"Universelle Isoliermatratzen\",\"publisher\":{\"@id\":\"https:\/\/temket.com\/de\/#organization\"},\"alternateName\":\"Temket\",\"potentialAction\":[{\"@type\":\"SearchAction\",\"target\":{\"@type\":\"EntryPoint\",\"urlTemplate\":\"https:\/\/temket.com\/de\/?s={search_term_string}\"},\"query-input\":{\"@type\":\"PropertyValueSpecification\",\"valueRequired\":true,\"valueName\":\"search_term_string\"}}],\"inLanguage\":\"de\"},{\"@type\":\"Organization\",\"@id\":\"https:\/\/temket.com\/de\/#organization\",\"name\":\"Temati\",\"url\":\"https:\/\/temket.com\/de\/\",\"logo\":{\"@type\":\"ImageObject\",\"inLanguage\":\"de\",\"@id\":\"https:\/\/temket.com\/de\/#\/schema\/logo\/image\/\",\"url\":\"https:\/\/temket.com\/wp-content\/uploads\/Temati.svg\",\"contentUrl\":\"https:\/\/temket.com\/wp-content\/uploads\/Temati.svg\",\"width\":1,\"height\":1,\"caption\":\"Temati\"},\"image\":{\"@id\":\"https:\/\/temket.com\/de\/#\/schema\/logo\/image\/\"},\"sameAs\":[\"https:\/\/www.linkedin.com\/company\/temati\/\"]}]}<\/script>\n<!-- \/ Yoast SEO plugin. -->","yoast_head_json":{"title":"\u00dcber uns - Temket","description":"Erfahren Sie mehr \u00fcber Temati als internationalen Lieferanten von Isoliermatratzen. Die Temket-Universallinie und ma\u00dfgefertigte Matratzen.","robots":{"index":"index","follow":"follow","max-snippet":"max-snippet:-1","max-image-preview":"max-image-preview:large","max-video-preview":"max-video-preview:-1"},"canonical":"https:\/\/temket.com\/de\/ueber-uns\/","og_locale":"de_DE","og_type":"article","og_title":"\u00dcber uns - Temket","og_description":"Erfahren Sie mehr \u00fcber Temati als internationalen Lieferanten von Isoliermatratzen. Die Temket-Universallinie und ma\u00dfgefertigte Matratzen.","og_url":"https:\/\/temket.com\/de\/ueber-uns\/","og_site_name":"Temket","article_publisher":"https:\/\/www.linkedin.com\/company\/temati\/","article_modified_time":"2024-09-30T09:41:36+00:00","twitter_card":"summary_large_image","twitter_misc":{"Gesch\u00e4tzte Lesezeit":"1\u00a0Minute"},"schema":{"@context":"https:\/\/schema.org","@graph":[{"@type":"WebPage","@id":"https:\/\/temket.com\/de\/ueber-uns\/","url":"https:\/\/temket.com\/de\/ueber-uns\/","name":"\u00dcber uns - Temket","isPartOf":{"@id":"https:\/\/temket.com\/de\/#website"},"datePublished":"2024-09-24T09:49:38+00:00","dateModified":"2024-09-30T09:41:36+00:00","description":"Erfahren Sie mehr \u00fcber Temati als internationalen Lieferanten von Isoliermatratzen. Die Temket-Universallinie und ma\u00dfgefertigte Matratzen.","breadcrumb":{"@id":"https:\/\/temket.com\/de\/ueber-uns\/#breadcrumb"},"inLanguage":"de","potentialAction":[{"@type":"ReadAction","target":["https:\/\/temket.com\/de\/ueber-uns\/"]}]},{"@type":"BreadcrumbList","@id":"https:\/\/temket.com\/de\/ueber-uns\/#breadcrumb","itemListElement":[{"@type":"ListItem","position":1,"name":"Home","item":"https:\/\/temket.com\/de\/"},{"@type":"ListItem","position":2,"name":"\u00dcber uns"}]},{"@type":"WebSite","@id":"https:\/\/temket.com\/de\/#website","url":"https:\/\/temket.com\/de\/","name":"Temket isolatiematrassen","description":"Universelle Isoliermatratzen","publisher":{"@id":"https:\/\/temket.com\/de\/#organization"},"alternateName":"Temket","potentialAction":[{"@type":"SearchAction","target":{"@type":"EntryPoint","urlTemplate":"https:\/\/temket.com\/de\/?s={search_term_string}"},"query-input":{"@type":"PropertyValueSpecification","valueRequired":true,"valueName":"search_term_string"}}],"inLanguage":"de"},{"@type":"Organization","@id":"https:\/\/temket.com\/de\/#organization","name":"Temati","url":"https:\/\/temket.com\/de\/","logo":{"@type":"ImageObject","inLanguage":"de","@id":"https:\/\/temket.com\/de\/#\/schema\/logo\/image\/","url":"https:\/\/temket.com\/wp-content\/uploads\/Temati.svg","contentUrl":"https:\/\/temket.com\/wp-content\/uploads\/Temati.svg","width":1,"height":1,"caption":"Temati"},"image":{"@id":"https:\/\/temket.com\/de\/#\/schema\/logo\/image\/"},"sameAs":["https:\/\/www.linkedin.com\/company\/temati\/"]}]}},"_links":{"self":[{"href":"https:\/\/temket.com\/de\/wp-json\/wp\/v2\/pages\/8812","targetHints":{"allow":["GET"]}}],"collection":[{"href":"https:\/\/temket.com\/de\/wp-json\/wp\/v2\/pages"}],"about":[{"href":"https:\/\/temket.com\/de\/wp-json\/wp\/v2\/types\/page"}],"author":[{"embeddable":true,"href":"https:\/\/temket.com\/de\/wp-json\/wp\/v2\/users\/2"}],"replies":[{"embeddable":true,"href":"https:\/\/temket.com\/de\/wp-json\/wp\/v2\/comments?post=8812"}],"version-history":[{"count":0,"href":"https:\/\/temket.com\/de\/wp-json\/wp\/v2\/pages\/8812\/revisions"}],"wp:attachment":[{"href":"https:\/\/temket.com\/de\/wp-json\/wp\/v2\/media?parent=8812"}],"curies":[{"name":"wp","href":"https:\/\/api.w.org\/{rel}","templated":true}]}}