{"id":8830,"date":"2024-09-24T12:34:15","date_gmt":"2024-09-24T10:34:15","guid":{"rendered":"https:\/\/temket.com\/datenschutzerklaerung\/"},"modified":"2024-09-24T12:34:15","modified_gmt":"2024-09-24T10:34:15","slug":"datenschutzerklaerung","status":"publish","type":"page","link":"https:\/\/temket.com\/de\/datenschutzerklaerung\/","title":{"rendered":"Datenschutzerkl\u00e4rung"},"content":{"rendered":"<p>Wir sind uns bewusst, dass Sie Vertrauen in uns haben. Daher sehen wir es als unsere Verantwortung an, Ihre Privatsph\u00e4re zu sch\u00fctzen. Auf dieser Seite informieren wir Sie dar\u00fcber, welche Informationen wir erfassen, wenn Sie unsere Website nutzen, warum wir diese Daten sammeln und wie sie Ihre Benutzererfahrung verbessern. So verstehen Sie genau, wie wir arbeiten.<\/p>\n<p>Diese Datenschutzerkl\u00e4rung gilt f\u00fcr die Dienstleistungen von Temati. Sie sollten sich dar\u00fcber im Klaren sein, dass Temati nicht f\u00fcr die Datenschutzrichtlinien anderer Websites und Quellen verantwortlich ist. Durch die Nutzung dieser Website akzeptieren Sie die Datenschutzrichtlinie.<\/p>\n<p>Temati respektiert die Privatsph\u00e4re aller Nutzer seiner Website und sorgt daf\u00fcr, dass die pers\u00f6nlichen Informationen, die Sie uns zur Verf\u00fcgung stellen, vertraulich behandelt werden.<\/p>\n<h2>Nutzung unserer Dienste<\/h2>\n<p>Wenn Sie sich f\u00fcr einen unserer Dienste anmelden, bitten wir Sie, pers\u00f6nliche Informationen anzugeben. Diese Daten werden verwendet, um die Dienstleistung zu erbringen. Die Daten werden auf sicheren Servern von Issys-ICT gespeichert. Wir werden diese Informationen nicht mit anderen pers\u00f6nlichen Daten, die wir haben, kombinieren.<\/p>\n<h2>Kommunikation<\/h2>\n<p>Wenn Sie uns E-Mails oder andere Nachrichten senden, k\u00f6nnen wir diese Nachrichten aufbewahren. Gelegentlich bitten wir Sie um pers\u00f6nliche Angaben, die f\u00fcr die betreffende Situation relevant sind. Dies erm\u00f6glicht es uns, Ihre Anfragen zu bearbeiten und zu beantworten. Die Daten werden auf den sicheren Servern von Issys-ICT gespeichert. Wir werden diese Informationen nicht mit anderen pers\u00f6nlichen Daten, die wir haben, kombinieren.<\/p>\n<h2>Zwecke<\/h2>\n<p>Wir sammeln oder verwenden Informationen nicht f\u00fcr andere Zwecke als die, die in dieser Datenschutzerkl\u00e4rung beschrieben sind, es sei denn, wir haben Ihre vorherige Zustimmung eingeholt.<\/p>\n<h2>Dritte Parteien<\/h2>\n<p>Die Informationen werden nicht an dritte Parteien weitergegeben. In einigen F\u00e4llen k\u00f6nnen die Informationen intern geteilt werden. Unsere Mitarbeiter sind verpflichtet, die Vertraulichkeit Ihrer Daten zu wahren.<\/p>\n<h2>\u00c4nderungen<\/h2>\n<p>Diese Datenschutzerkl\u00e4rung ist auf die Nutzung und die M\u00f6glichkeiten dieser Website zugeschnitten. Jegliche Anpassungen und\/oder \u00c4nderungen an dieser Website k\u00f6nnen zu \u00c4nderungen dieser Datenschutzerkl\u00e4rung f\u00fchren. Es ist daher ratsam, diese Datenschutzerkl\u00e4rung regelm\u00e4\u00dfig zu konsultieren.<\/p>\n<h2>Wahlm\u00f6glichkeiten bez\u00fcglich personenbezogener Daten<\/h2>\n<p>Wir bieten allen Besuchern die M\u00f6glichkeit, alle pers\u00f6nlichen Informationen, die uns bis zu diesem Zeitpunkt \u00fcbermittelt wurden, einzusehen, zu \u00e4ndern oder zu l\u00f6schen.<\/p>\n<h2>Abmeldung \/ \u00c4nderung der Kommunikation<\/h2>\n<p>Wenn Sie Ihre Daten \u00e4ndern oder aus unseren Dateien entfernt werden m\u00f6chten, kontaktieren Sie uns bitte \u00fcber die unten angegebenen Kontaktdaten.<\/p>\n<h2>Cookies<\/h2>\n<p>Wir verwenden auf dieser Website funktionale und analytische Cookies. Ein Cookie ist eine kleine Textdatei, die zusammen mit Seiten dieser Website gesendet und vom Browser auf einem Computer, Tablet oder Smartphone gespeichert wird.<\/p>\n<p>Wir verwenden nur funktionale und analytische Cookies. Wir setzen keine Tracking-Cookies. Die von uns gesetzten Cookies sind f\u00fcr die Funktionalit\u00e4t unserer Website und die Erfassung von Statistiken erforderlich.<\/p>\n<p>F\u00fcr unsere Statistiken verwenden wir Google Analytics, wobei wir die Daten anonymisieren und nicht an Dritte weitergeben.<\/p>\n<h2>Deaktivierung von Cookies<\/h2>\n<p>Die meisten Browser sind standardm\u00e4\u00dfig so eingestellt, dass sie Cookies akzeptieren, aber Sie k\u00f6nnen Ihren Browser so konfigurieren, dass alle Cookies abgelehnt werden oder angezeigt wird, wenn ein Cookie gesendet wird. Einige Funktionen und Dienste auf unserer und anderen Websites funktionieren m\u00f6glicherweise nicht ordnungsgem\u00e4\u00df, wenn Cookies in Ihrem Browser deaktiviert sind.<\/p>\n<h2>Fragen und Feedback<\/h2>\n<p>Wir \u00fcberpr\u00fcfen regelm\u00e4\u00dfig, ob wir diese Datenschutzerkl\u00e4rung einhalten. Wenn Sie Fragen zu dieser Datenschutzerkl\u00e4rung haben, kontaktieren Sie uns bitte unter <a rel=\"noopener\">temati@temati.com<\/a>.<\/p>\n<p><strong>Temati<\/strong><br \/>\nRijnland 2<br \/>\n1948 RL Beverwijk<br \/>\nNiederlande<\/p>\n","protected":false},"excerpt":{"rendered":"<p>Wir sind uns bewusst, dass Sie Vertrauen in uns haben. Daher sehen wir es als unsere Verantwortung an, Ihre Privatsph\u00e4re zu sch\u00fctzen. Auf dieser Seite informieren wir Sie dar\u00fcber, welche Informationen wir erfassen, wenn Sie unsere Website nutzen, warum wir diese Daten sammeln und wie sie Ihre Benutzererfahrung verbessern. So verstehen Sie genau, wie wir [&hellip;]<\/p>\n","protected":false},"author":2,"featured_media":0,"parent":0,"menu_order":0,"comment_status":"closed","ping_status":"closed","template":"","meta":{"footnotes":""},"class_list":["post-8830","page","type-page","status-publish","hentry"],"yoast_head":"<!-- This site is optimized with the Yoast SEO plugin v26.9 - https:\/\/yoast.com\/product\/yoast-seo-wordpress\/ -->\n<title>Datenschutzerkl\u00e4rung - Temket<\/title>\n<meta name=\"description\" content=\"Das Vertrauen unserer Kunden ist f\u00fcr uns sehr wichtig. Daher liegt es in unserer Verantwortung, dieses Vertrauen zu sch\u00fctzen. Auf dieser Seite zeigen wir, wie wir dies erreichen wollen.\" \/>\n<meta name=\"robots\" content=\"index, follow, max-snippet:-1, max-image-preview:large, max-video-preview:-1\" \/>\n<link rel=\"canonical\" href=\"https:\/\/temket.com\/de\/datenschutzerklaerung\/\" \/>\n<meta property=\"og:locale\" content=\"de_DE\" \/>\n<meta property=\"og:type\" content=\"article\" \/>\n<meta property=\"og:title\" content=\"Datenschutzerkl\u00e4rung - Temket\" \/>\n<meta property=\"og:description\" content=\"Das Vertrauen unserer Kunden ist f\u00fcr uns sehr wichtig. Daher liegt es in unserer Verantwortung, dieses Vertrauen zu sch\u00fctzen. Auf dieser Seite zeigen wir, wie wir dies erreichen wollen.\" \/>\n<meta property=\"og:url\" content=\"https:\/\/temket.com\/de\/datenschutzerklaerung\/\" \/>\n<meta property=\"og:site_name\" content=\"Temket\" \/>\n<meta property=\"article:publisher\" content=\"https:\/\/www.linkedin.com\/company\/temati\/\" \/>\n<meta name=\"twitter:card\" content=\"summary_large_image\" \/>\n<meta name=\"twitter:label1\" content=\"Gesch\u00e4tzte Lesezeit\" \/>\n\t<meta name=\"twitter:data1\" content=\"3\u00a0Minuten\" \/>\n<script type=\"application\/ld+json\" class=\"yoast-schema-graph\">{\"@context\":\"https:\/\/schema.org\",\"@graph\":[{\"@type\":\"WebPage\",\"@id\":\"https:\/\/temket.com\/de\/datenschutzerklaerung\/\",\"url\":\"https:\/\/temket.com\/de\/datenschutzerklaerung\/\",\"name\":\"Datenschutzerkl\u00e4rung - Temket\",\"isPartOf\":{\"@id\":\"https:\/\/temket.com\/de\/#website\"},\"datePublished\":\"2024-09-24T10:34:15+00:00\",\"description\":\"Das Vertrauen unserer Kunden ist f\u00fcr uns sehr wichtig. Daher liegt es in unserer Verantwortung, dieses Vertrauen zu sch\u00fctzen. Auf dieser Seite zeigen wir, wie wir dies erreichen wollen.\",\"breadcrumb\":{\"@id\":\"https:\/\/temket.com\/de\/datenschutzerklaerung\/#breadcrumb\"},\"inLanguage\":\"de\",\"potentialAction\":[{\"@type\":\"ReadAction\",\"target\":[\"https:\/\/temket.com\/de\/datenschutzerklaerung\/\"]}]},{\"@type\":\"BreadcrumbList\",\"@id\":\"https:\/\/temket.com\/de\/datenschutzerklaerung\/#breadcrumb\",\"itemListElement\":[{\"@type\":\"ListItem\",\"position\":1,\"name\":\"Home\",\"item\":\"https:\/\/temket.com\/de\/\"},{\"@type\":\"ListItem\",\"position\":2,\"name\":\"Datenschutzerkl\u00e4rung\"}]},{\"@type\":\"WebSite\",\"@id\":\"https:\/\/temket.com\/de\/#website\",\"url\":\"https:\/\/temket.com\/de\/\",\"name\":\"Temket isolatiematrassen\",\"description\":\"Universelle Isoliermatratzen\",\"publisher\":{\"@id\":\"https:\/\/temket.com\/de\/#organization\"},\"alternateName\":\"Temket\",\"potentialAction\":[{\"@type\":\"SearchAction\",\"target\":{\"@type\":\"EntryPoint\",\"urlTemplate\":\"https:\/\/temket.com\/de\/?s={search_term_string}\"},\"query-input\":{\"@type\":\"PropertyValueSpecification\",\"valueRequired\":true,\"valueName\":\"search_term_string\"}}],\"inLanguage\":\"de\"},{\"@type\":\"Organization\",\"@id\":\"https:\/\/temket.com\/de\/#organization\",\"name\":\"Temati\",\"url\":\"https:\/\/temket.com\/de\/\",\"logo\":{\"@type\":\"ImageObject\",\"inLanguage\":\"de\",\"@id\":\"https:\/\/temket.com\/de\/#\/schema\/logo\/image\/\",\"url\":\"https:\/\/temket.com\/wp-content\/uploads\/Temati.svg\",\"contentUrl\":\"https:\/\/temket.com\/wp-content\/uploads\/Temati.svg\",\"width\":1,\"height\":1,\"caption\":\"Temati\"},\"image\":{\"@id\":\"https:\/\/temket.com\/de\/#\/schema\/logo\/image\/\"},\"sameAs\":[\"https:\/\/www.linkedin.com\/company\/temati\/\"]}]}<\/script>\n<!-- \/ Yoast SEO plugin. -->","yoast_head_json":{"title":"Datenschutzerkl\u00e4rung - Temket","description":"Das Vertrauen unserer Kunden ist f\u00fcr uns sehr wichtig. Daher liegt es in unserer Verantwortung, dieses Vertrauen zu sch\u00fctzen. Auf dieser Seite zeigen wir, wie wir dies erreichen wollen.","robots":{"index":"index","follow":"follow","max-snippet":"max-snippet:-1","max-image-preview":"max-image-preview:large","max-video-preview":"max-video-preview:-1"},"canonical":"https:\/\/temket.com\/de\/datenschutzerklaerung\/","og_locale":"de_DE","og_type":"article","og_title":"Datenschutzerkl\u00e4rung - Temket","og_description":"Das Vertrauen unserer Kunden ist f\u00fcr uns sehr wichtig. Daher liegt es in unserer Verantwortung, dieses Vertrauen zu sch\u00fctzen. Auf dieser Seite zeigen wir, wie wir dies erreichen wollen.","og_url":"https:\/\/temket.com\/de\/datenschutzerklaerung\/","og_site_name":"Temket","article_publisher":"https:\/\/www.linkedin.com\/company\/temati\/","twitter_card":"summary_large_image","twitter_misc":{"Gesch\u00e4tzte Lesezeit":"3\u00a0Minuten"},"schema":{"@context":"https:\/\/schema.org","@graph":[{"@type":"WebPage","@id":"https:\/\/temket.com\/de\/datenschutzerklaerung\/","url":"https:\/\/temket.com\/de\/datenschutzerklaerung\/","name":"Datenschutzerkl\u00e4rung - Temket","isPartOf":{"@id":"https:\/\/temket.com\/de\/#website"},"datePublished":"2024-09-24T10:34:15+00:00","description":"Das Vertrauen unserer Kunden ist f\u00fcr uns sehr wichtig. Daher liegt es in unserer Verantwortung, dieses Vertrauen zu sch\u00fctzen. Auf dieser Seite zeigen wir, wie wir dies erreichen wollen.","breadcrumb":{"@id":"https:\/\/temket.com\/de\/datenschutzerklaerung\/#breadcrumb"},"inLanguage":"de","potentialAction":[{"@type":"ReadAction","target":["https:\/\/temket.com\/de\/datenschutzerklaerung\/"]}]},{"@type":"BreadcrumbList","@id":"https:\/\/temket.com\/de\/datenschutzerklaerung\/#breadcrumb","itemListElement":[{"@type":"ListItem","position":1,"name":"Home","item":"https:\/\/temket.com\/de\/"},{"@type":"ListItem","position":2,"name":"Datenschutzerkl\u00e4rung"}]},{"@type":"WebSite","@id":"https:\/\/temket.com\/de\/#website","url":"https:\/\/temket.com\/de\/","name":"Temket isolatiematrassen","description":"Universelle Isoliermatratzen","publisher":{"@id":"https:\/\/temket.com\/de\/#organization"},"alternateName":"Temket","potentialAction":[{"@type":"SearchAction","target":{"@type":"EntryPoint","urlTemplate":"https:\/\/temket.com\/de\/?s={search_term_string}"},"query-input":{"@type":"PropertyValueSpecification","valueRequired":true,"valueName":"search_term_string"}}],"inLanguage":"de"},{"@type":"Organization","@id":"https:\/\/temket.com\/de\/#organization","name":"Temati","url":"https:\/\/temket.com\/de\/","logo":{"@type":"ImageObject","inLanguage":"de","@id":"https:\/\/temket.com\/de\/#\/schema\/logo\/image\/","url":"https:\/\/temket.com\/wp-content\/uploads\/Temati.svg","contentUrl":"https:\/\/temket.com\/wp-content\/uploads\/Temati.svg","width":1,"height":1,"caption":"Temati"},"image":{"@id":"https:\/\/temket.com\/de\/#\/schema\/logo\/image\/"},"sameAs":["https:\/\/www.linkedin.com\/company\/temati\/"]}]}},"_links":{"self":[{"href":"https:\/\/temket.com\/de\/wp-json\/wp\/v2\/pages\/8830","targetHints":{"allow":["GET"]}}],"collection":[{"href":"https:\/\/temket.com\/de\/wp-json\/wp\/v2\/pages"}],"about":[{"href":"https:\/\/temket.com\/de\/wp-json\/wp\/v2\/types\/page"}],"author":[{"embeddable":true,"href":"https:\/\/temket.com\/de\/wp-json\/wp\/v2\/users\/2"}],"replies":[{"embeddable":true,"href":"https:\/\/temket.com\/de\/wp-json\/wp\/v2\/comments?post=8830"}],"version-history":[{"count":0,"href":"https:\/\/temket.com\/de\/wp-json\/wp\/v2\/pages\/8830\/revisions"}],"wp:attachment":[{"href":"https:\/\/temket.com\/de\/wp-json\/wp\/v2\/media?parent=8830"}],"curies":[{"name":"wp","href":"https:\/\/api.w.org\/{rel}","templated":true}]}}