{"id":8833,"date":"2024-09-24T12:38:10","date_gmt":"2024-09-24T10:38:10","guid":{"rendered":"https:\/\/temket.com\/allgemeinen-geschaeftsbedingungen\/"},"modified":"2024-09-24T12:38:10","modified_gmt":"2024-09-24T10:38:10","slug":"allgemeinen-geschaeftsbedingungen","status":"publish","type":"page","link":"https:\/\/temket.com\/de\/allgemeinen-geschaeftsbedingungen\/","title":{"rendered":"Allgemeinen Gesch\u00e4ftsbedingungen"},"content":{"rendered":"<p>Alle Informationen, Empfehlungen und Datenbl\u00e4tter auf dieser Internet-Website (nachstehend \u201eInformationen\u201c genannt) werden nach bestem Wissen und Gewissen gegeben und als richtig erachtet. Die Informationen basieren auf Spezifikationen, Daten und Testergebnissen, die uns zum Zeitpunkt der Ver\u00f6ffentlichung zur Verf\u00fcgung stehen. Im Laufe der Zeit k\u00f6nnen sich hierin \u00c4nderungen ergeben (haben). Eine Garantie auf Vollst\u00e4ndigkeit, Richtigkeit oder Ergebnisse wird weder ausdr\u00fccklich noch stillschweigend \u00fcbernommen.<\/p>\n<p>Die Feststellung der Eignung f\u00fcr den beabsichtigten Verwendungszweck liegt stets in der Verantwortung des Anwenders. Da die Wahl des Materials, die Art der Anwendung und die Standortbedingungen au\u00dferhalb unserer Kontrolle liegen, \u00fcbernimmt Temati keine Haftung f\u00fcr direkte oder indirekte Sch\u00e4den oder Verluste jeglicher Art, die aus der Verwendung eines Temati-Produkts oder dem Vertrauen auf die auf dieser Website bereitgestellten Informationen entstehen.<\/p>\n<p>Keine der hierin enthaltenen Informationen ist als Empfehlung f\u00fcr die Verwendung von Produkten, Verfahren, Ger\u00e4ten oder Rezepturen zu verstehen, die mit einem Patent in Konflikt stehen, und Temati gibt keine ausdr\u00fcckliche oder stillschweigende Zusicherung oder Garantie, dass die Verwendung dieser Produkte keine Patente verletzen wird. Temati ist bestrebt, die Informationen auf dieser Website zu aktualisieren und zu korrigieren, kann jedoch nicht garantieren, dass die Informationen zu einem bestimmten Zeitpunkt auf dem neuesten Stand sind.<\/p>\n<p><em><strong>Temket ist ein Markenname von <a href=\"https:\/\/www.temati.com\/de\/\">Temati<\/a>.<\/strong><\/em><br \/>\n<em><strong>F\u00fcr alle unsere Transaktionen und Lieferungen gelten die <a href=\"https:\/\/temket.com\/wp-content\/uploads\/Temati_General_Terms_of_Sale.pdf\">allgemeinen Verkaufsbedingungen<\/a> von Temati.<\/strong><\/em><\/p>\n","protected":false},"excerpt":{"rendered":"<p>Alle Informationen, Empfehlungen und Datenbl\u00e4tter auf dieser Internet-Website (nachstehend \u201eInformationen\u201c genannt) werden nach bestem Wissen und Gewissen gegeben und als richtig erachtet. Die Informationen basieren auf Spezifikationen, Daten und Testergebnissen, die uns zum Zeitpunkt der Ver\u00f6ffentlichung zur Verf\u00fcgung stehen. Im Laufe der Zeit k\u00f6nnen sich hierin \u00c4nderungen ergeben (haben). Eine Garantie auf Vollst\u00e4ndigkeit, Richtigkeit oder [&hellip;]<\/p>\n","protected":false},"author":2,"featured_media":0,"parent":0,"menu_order":0,"comment_status":"closed","ping_status":"closed","template":"","meta":{"footnotes":""},"class_list":["post-8833","page","type-page","status-publish","hentry"],"yoast_head":"<!-- This site is optimized with the Yoast SEO plugin v27.5 - https:\/\/yoast.com\/product\/yoast-seo-wordpress\/ -->\n<title>Allgemeinen Gesch\u00e4ftsbedingungen - Temket<\/title>\n<meta name=\"description\" content=\"Es werden Vereinbarungen \u00fcber Qualit\u00e4t und Haftung getroffen. Lesen Sie sich die Bedingungen auf dieser Seite durch.\" \/>\n<meta name=\"robots\" content=\"index, follow, max-snippet:-1, max-image-preview:large, max-video-preview:-1\" \/>\n<link rel=\"canonical\" href=\"https:\/\/temket.com\/de\/allgemeinen-geschaeftsbedingungen\/\" \/>\n<meta property=\"og:locale\" content=\"de_DE\" \/>\n<meta property=\"og:type\" content=\"article\" \/>\n<meta property=\"og:title\" content=\"Allgemeinen Gesch\u00e4ftsbedingungen - Temket\" \/>\n<meta property=\"og:description\" content=\"Es werden Vereinbarungen \u00fcber Qualit\u00e4t und Haftung getroffen. Lesen Sie sich die Bedingungen auf dieser Seite durch.\" \/>\n<meta property=\"og:url\" content=\"https:\/\/temket.com\/de\/allgemeinen-geschaeftsbedingungen\/\" \/>\n<meta property=\"og:site_name\" content=\"Temket\" \/>\n<meta property=\"article:publisher\" content=\"https:\/\/www.linkedin.com\/company\/temati\/\" \/>\n<meta name=\"twitter:card\" content=\"summary_large_image\" \/>\n<meta name=\"twitter:label1\" content=\"Gesch\u00e4tzte Lesezeit\" \/>\n\t<meta name=\"twitter:data1\" content=\"1\u00a0Minute\" \/>\n<script type=\"application\/ld+json\" class=\"yoast-schema-graph\">{\"@context\":\"https:\\\/\\\/schema.org\",\"@graph\":[{\"@type\":\"WebPage\",\"@id\":\"https:\\\/\\\/temket.com\\\/de\\\/allgemeinen-geschaeftsbedingungen\\\/\",\"url\":\"https:\\\/\\\/temket.com\\\/de\\\/allgemeinen-geschaeftsbedingungen\\\/\",\"name\":\"Allgemeinen Gesch\u00e4ftsbedingungen - Temket\",\"isPartOf\":{\"@id\":\"https:\\\/\\\/temket.com\\\/de\\\/#website\"},\"datePublished\":\"2024-09-24T10:38:10+00:00\",\"description\":\"Es werden Vereinbarungen \u00fcber Qualit\u00e4t und Haftung getroffen. Lesen Sie sich die Bedingungen auf dieser Seite durch.\",\"breadcrumb\":{\"@id\":\"https:\\\/\\\/temket.com\\\/de\\\/allgemeinen-geschaeftsbedingungen\\\/#breadcrumb\"},\"inLanguage\":\"de\",\"potentialAction\":[{\"@type\":\"ReadAction\",\"target\":[\"https:\\\/\\\/temket.com\\\/de\\\/allgemeinen-geschaeftsbedingungen\\\/\"]}]},{\"@type\":\"BreadcrumbList\",\"@id\":\"https:\\\/\\\/temket.com\\\/de\\\/allgemeinen-geschaeftsbedingungen\\\/#breadcrumb\",\"itemListElement\":[{\"@type\":\"ListItem\",\"position\":1,\"name\":\"Home\",\"item\":\"https:\\\/\\\/temket.com\\\/de\\\/\"},{\"@type\":\"ListItem\",\"position\":2,\"name\":\"Allgemeinen Gesch\u00e4ftsbedingungen\"}]},{\"@type\":\"WebSite\",\"@id\":\"https:\\\/\\\/temket.com\\\/de\\\/#website\",\"url\":\"https:\\\/\\\/temket.com\\\/de\\\/\",\"name\":\"Temket isolatiematrassen\",\"description\":\"Universelle Isoliermatratzen\",\"publisher\":{\"@id\":\"https:\\\/\\\/temket.com\\\/de\\\/#organization\"},\"alternateName\":\"Temket\",\"potentialAction\":[{\"@type\":\"SearchAction\",\"target\":{\"@type\":\"EntryPoint\",\"urlTemplate\":\"https:\\\/\\\/temket.com\\\/de\\\/?s={search_term_string}\"},\"query-input\":{\"@type\":\"PropertyValueSpecification\",\"valueRequired\":true,\"valueName\":\"search_term_string\"}}],\"inLanguage\":\"de\"},{\"@type\":\"Organization\",\"@id\":\"https:\\\/\\\/temket.com\\\/de\\\/#organization\",\"name\":\"Temati\",\"url\":\"https:\\\/\\\/temket.com\\\/de\\\/\",\"logo\":{\"@type\":\"ImageObject\",\"inLanguage\":\"de\",\"@id\":\"https:\\\/\\\/temket.com\\\/de\\\/#\\\/schema\\\/logo\\\/image\\\/\",\"url\":\"https:\\\/\\\/temket.com\\\/wp-content\\\/uploads\\\/Temati.svg\",\"contentUrl\":\"https:\\\/\\\/temket.com\\\/wp-content\\\/uploads\\\/Temati.svg\",\"width\":1,\"height\":1,\"caption\":\"Temati\"},\"image\":{\"@id\":\"https:\\\/\\\/temket.com\\\/de\\\/#\\\/schema\\\/logo\\\/image\\\/\"},\"sameAs\":[\"https:\\\/\\\/www.linkedin.com\\\/company\\\/temati\\\/\"]}]}<\/script>\n<!-- \/ Yoast SEO plugin. -->","yoast_head_json":{"title":"Allgemeinen Gesch\u00e4ftsbedingungen - Temket","description":"Es werden Vereinbarungen \u00fcber Qualit\u00e4t und Haftung getroffen. Lesen Sie sich die Bedingungen auf dieser Seite durch.","robots":{"index":"index","follow":"follow","max-snippet":"max-snippet:-1","max-image-preview":"max-image-preview:large","max-video-preview":"max-video-preview:-1"},"canonical":"https:\/\/temket.com\/de\/allgemeinen-geschaeftsbedingungen\/","og_locale":"de_DE","og_type":"article","og_title":"Allgemeinen Gesch\u00e4ftsbedingungen - Temket","og_description":"Es werden Vereinbarungen \u00fcber Qualit\u00e4t und Haftung getroffen. Lesen Sie sich die Bedingungen auf dieser Seite durch.","og_url":"https:\/\/temket.com\/de\/allgemeinen-geschaeftsbedingungen\/","og_site_name":"Temket","article_publisher":"https:\/\/www.linkedin.com\/company\/temati\/","twitter_card":"summary_large_image","twitter_misc":{"Gesch\u00e4tzte Lesezeit":"1\u00a0Minute"},"schema":{"@context":"https:\/\/schema.org","@graph":[{"@type":"WebPage","@id":"https:\/\/temket.com\/de\/allgemeinen-geschaeftsbedingungen\/","url":"https:\/\/temket.com\/de\/allgemeinen-geschaeftsbedingungen\/","name":"Allgemeinen Gesch\u00e4ftsbedingungen - Temket","isPartOf":{"@id":"https:\/\/temket.com\/de\/#website"},"datePublished":"2024-09-24T10:38:10+00:00","description":"Es werden Vereinbarungen \u00fcber Qualit\u00e4t und Haftung getroffen. Lesen Sie sich die Bedingungen auf dieser Seite durch.","breadcrumb":{"@id":"https:\/\/temket.com\/de\/allgemeinen-geschaeftsbedingungen\/#breadcrumb"},"inLanguage":"de","potentialAction":[{"@type":"ReadAction","target":["https:\/\/temket.com\/de\/allgemeinen-geschaeftsbedingungen\/"]}]},{"@type":"BreadcrumbList","@id":"https:\/\/temket.com\/de\/allgemeinen-geschaeftsbedingungen\/#breadcrumb","itemListElement":[{"@type":"ListItem","position":1,"name":"Home","item":"https:\/\/temket.com\/de\/"},{"@type":"ListItem","position":2,"name":"Allgemeinen Gesch\u00e4ftsbedingungen"}]},{"@type":"WebSite","@id":"https:\/\/temket.com\/de\/#website","url":"https:\/\/temket.com\/de\/","name":"Temket isolatiematrassen","description":"Universelle Isoliermatratzen","publisher":{"@id":"https:\/\/temket.com\/de\/#organization"},"alternateName":"Temket","potentialAction":[{"@type":"SearchAction","target":{"@type":"EntryPoint","urlTemplate":"https:\/\/temket.com\/de\/?s={search_term_string}"},"query-input":{"@type":"PropertyValueSpecification","valueRequired":true,"valueName":"search_term_string"}}],"inLanguage":"de"},{"@type":"Organization","@id":"https:\/\/temket.com\/de\/#organization","name":"Temati","url":"https:\/\/temket.com\/de\/","logo":{"@type":"ImageObject","inLanguage":"de","@id":"https:\/\/temket.com\/de\/#\/schema\/logo\/image\/","url":"https:\/\/temket.com\/wp-content\/uploads\/Temati.svg","contentUrl":"https:\/\/temket.com\/wp-content\/uploads\/Temati.svg","width":1,"height":1,"caption":"Temati"},"image":{"@id":"https:\/\/temket.com\/de\/#\/schema\/logo\/image\/"},"sameAs":["https:\/\/www.linkedin.com\/company\/temati\/"]}]}},"_links":{"self":[{"href":"https:\/\/temket.com\/de\/wp-json\/wp\/v2\/pages\/8833","targetHints":{"allow":["GET"]}}],"collection":[{"href":"https:\/\/temket.com\/de\/wp-json\/wp\/v2\/pages"}],"about":[{"href":"https:\/\/temket.com\/de\/wp-json\/wp\/v2\/types\/page"}],"author":[{"embeddable":true,"href":"https:\/\/temket.com\/de\/wp-json\/wp\/v2\/users\/2"}],"replies":[{"embeddable":true,"href":"https:\/\/temket.com\/de\/wp-json\/wp\/v2\/comments?post=8833"}],"version-history":[{"count":0,"href":"https:\/\/temket.com\/de\/wp-json\/wp\/v2\/pages\/8833\/revisions"}],"wp:attachment":[{"href":"https:\/\/temket.com\/de\/wp-json\/wp\/v2\/media?parent=8833"}],"curies":[{"name":"wp","href":"https:\/\/api.w.org\/{rel}","templated":true}]}}