{"id":8841,"date":"2024-03-04T12:16:47","date_gmt":"2024-03-04T11:16:47","guid":{"rendered":"https:\/\/temket.com\/product\/isoliermatratze-fuer-flansch-medium-d1\/"},"modified":"2026-03-08T20:35:20","modified_gmt":"2026-03-08T19:35:20","slug":"isoliermatratze-fuer-flansch-mittel-d1","status":"publish","type":"product","link":"https:\/\/temket.com\/de\/produkt\/isoliermatratze-fuer-flansch-mittel-d1\/","title":{"rendered":"Isoliermatratze f\u00fcr Flansch Mittel (D1)"},"content":{"rendered":"<p>Die <strong>Isoliermatratze f\u00fcr Flansch Mittel (Typ D1)<\/strong> ist f\u00fcr Flansche und Kompensatoren geeignet.<\/p>\n<p>Isoliermatratzen f\u00fcr Flansche k\u00f6nnen mit <a href=\"https:\/\/temket.com\/de\/produkt-kategorie\/rohrabschnitte\/\" target=\"_blank\" rel=\"noopener\">Matratzen f\u00fcr Rohre<\/a> kombiniert werden. Dadurch kann eine unged\u00e4mmte L\u00e4nge (a) von mehr als 240 mm noch problemlos ged\u00e4mmt werden. Neben dem Typ D1 liefern wir auch den Typ D2 f\u00fcr gr\u00f6\u00dfere Flansche\/Kompensatoren.<\/p>\n<p>a) Max. unisolierte L\u00e4nge: 240mm (Rohr und Flansch\/Kompensator)<br \/>\nb) Maximaler Durchmesser: 220 mm<\/p>\n<h2>Brauchen Sie Hilfe?<\/h2>\n<p><a href=\"https:\/\/temket.com\/de\/brauchen-sie-hilfe\/\">Schicken Sie uns ein Foto<\/a> und wir beraten Sie \u00fcber die M\u00f6glichkeiten der D\u00e4mmung mit Universalmatratzen.<\/p>\n","protected":false},"excerpt":{"rendered":"<p>Universelle Isoliermatratze f\u00fcr Flansche und Kompensatoren.<br \/>\nGeeignet f\u00fcr Gr\u00f6\u00dfen bis zu DN100 (\u00fcberpr\u00fcfen Sie die Gr\u00f6\u00dfen unten, um die Eignung zu best\u00e4tigen).<\/p>\n<p>a) Max. unisolierte L\u00e4nge: 240mm (Rohr + Flansch\/Kompensator)<br \/>\nb) Maximaler Durchmesser: 200 mm<\/p>\n<p><a href=\"https:\/\/temket.com\/wp-content\/uploads\/TDS-Temket_Universal_DE_20250106.pdf\" target=\"_blank\" rel=\"noopener\">Technisches Datenblatt<\/a><\/p>\n","protected":false},"featured_media":8842,"comment_status":"closed","ping_status":"closed","template":"","meta":[],"product_brand":[],"product_cat":[201,199],"product_tag":[],"class_list":{"0":"post-8841","1":"product","2":"type-product","3":"status-publish","4":"has-post-thumbnail","6":"product_cat-flanschen","7":"product_cat-temket-universelle-isoliermatratzen","9":"first","10":"instock","11":"taxable","12":"shipping-taxable","13":"purchasable","14":"product-type-simple"},"yoast_head":"<!-- This site is optimized with the Yoast SEO plugin v26.9 - https:\/\/yoast.com\/product\/yoast-seo-wordpress\/ -->\n<title>Isoliermatratze f\u00fcr Flansch Mittel (D1) - Temket<\/title>\n<meta name=\"description\" content=\"Universelle Isoliermatratze f\u00fcr kleine und mittlere Flansche\/Kompensatoren. Einfach zu installieren ohne technische Kenntnisse oder Erfahrung mit Isolierung.\" \/>\n<meta name=\"robots\" content=\"index, follow, max-snippet:-1, max-image-preview:large, max-video-preview:-1\" \/>\n<link rel=\"canonical\" href=\"https:\/\/temket.com\/de\/produkt\/isoliermatratze-fuer-flansch-mittel-d1\/\" \/>\n<meta property=\"og:locale\" content=\"de_DE\" \/>\n<meta property=\"og:type\" content=\"article\" \/>\n<meta property=\"og:title\" content=\"Isoliermatratze f\u00fcr Flansch Mittel (D1) - Temket\" \/>\n<meta property=\"og:description\" content=\"Universelle Isoliermatratze f\u00fcr kleine und mittlere Flansche\/Kompensatoren. Einfach zu installieren ohne technische Kenntnisse oder Erfahrung mit Isolierung.\" \/>\n<meta property=\"og:url\" content=\"https:\/\/temket.com\/de\/produkt\/isoliermatratze-fuer-flansch-mittel-d1\/\" \/>\n<meta property=\"og:site_name\" content=\"Temket\" \/>\n<meta property=\"article:publisher\" content=\"https:\/\/www.linkedin.com\/company\/temati\/\" \/>\n<meta property=\"article:modified_time\" content=\"2026-03-08T19:35:20+00:00\" \/>\n<meta property=\"og:image\" content=\"https:\/\/temket.com\/wp-content\/uploads\/Temket-isolatiematras-flens-D1-maten.jpg\" \/>\n\t<meta property=\"og:image:width\" content=\"880\" \/>\n\t<meta property=\"og:image:height\" content=\"880\" \/>\n\t<meta property=\"og:image:type\" content=\"image\/jpeg\" \/>\n<meta name=\"twitter:card\" content=\"summary_large_image\" \/>\n<script type=\"application\/ld+json\" class=\"yoast-schema-graph\">{\"@context\":\"https:\/\/schema.org\",\"@graph\":[{\"@type\":\"WebPage\",\"@id\":\"https:\/\/temket.com\/de\/produkt\/isoliermatratze-fuer-flansch-mittel-d1\/\",\"url\":\"https:\/\/temket.com\/de\/produkt\/isoliermatratze-fuer-flansch-mittel-d1\/\",\"name\":\"Isoliermatratze f\u00fcr Flansch Mittel (D1) - Temket\",\"isPartOf\":{\"@id\":\"https:\/\/temket.com\/de\/#website\"},\"primaryImageOfPage\":{\"@id\":\"https:\/\/temket.com\/de\/produkt\/isoliermatratze-fuer-flansch-mittel-d1\/#primaryimage\"},\"image\":{\"@id\":\"https:\/\/temket.com\/de\/produkt\/isoliermatratze-fuer-flansch-mittel-d1\/#primaryimage\"},\"thumbnailUrl\":\"https:\/\/temket.com\/wp-content\/uploads\/Temket-isolatiematras-flens-D1-maten.jpg\",\"datePublished\":\"2024-03-04T11:16:47+00:00\",\"dateModified\":\"2026-03-08T19:35:20+00:00\",\"description\":\"Universelle Isoliermatratze f\u00fcr kleine und mittlere Flansche\/Kompensatoren. Einfach zu installieren ohne technische Kenntnisse oder Erfahrung mit Isolierung.\",\"breadcrumb\":{\"@id\":\"https:\/\/temket.com\/de\/produkt\/isoliermatratze-fuer-flansch-mittel-d1\/#breadcrumb\"},\"inLanguage\":\"de\",\"potentialAction\":[{\"@type\":\"ReadAction\",\"target\":[\"https:\/\/temket.com\/de\/produkt\/isoliermatratze-fuer-flansch-mittel-d1\/\"]}]},{\"@type\":\"ImageObject\",\"inLanguage\":\"de\",\"@id\":\"https:\/\/temket.com\/de\/produkt\/isoliermatratze-fuer-flansch-mittel-d1\/#primaryimage\",\"url\":\"https:\/\/temket.com\/wp-content\/uploads\/Temket-isolatiematras-flens-D1-maten.jpg\",\"contentUrl\":\"https:\/\/temket.com\/wp-content\/uploads\/Temket-isolatiematras-flens-D1-maten.jpg\",\"width\":880,\"height\":880},{\"@type\":\"BreadcrumbList\",\"@id\":\"https:\/\/temket.com\/de\/produkt\/isoliermatratze-fuer-flansch-mittel-d1\/#breadcrumb\",\"itemListElement\":[{\"@type\":\"ListItem\",\"position\":1,\"name\":\"Home\",\"item\":\"https:\/\/temket.com\/de\/\"},{\"@type\":\"ListItem\",\"position\":2,\"name\":\"Shop\",\"item\":\"https:\/\/temket.com\/de\/laden\/\"},{\"@type\":\"ListItem\",\"position\":3,\"name\":\"Isoliermatratze f\u00fcr Flansch Mittel (D1)\"}]},{\"@type\":\"WebSite\",\"@id\":\"https:\/\/temket.com\/de\/#website\",\"url\":\"https:\/\/temket.com\/de\/\",\"name\":\"Temket isolatiematrassen\",\"description\":\"Universelle Isoliermatratzen\",\"publisher\":{\"@id\":\"https:\/\/temket.com\/de\/#organization\"},\"alternateName\":\"Temket\",\"potentialAction\":[{\"@type\":\"SearchAction\",\"target\":{\"@type\":\"EntryPoint\",\"urlTemplate\":\"https:\/\/temket.com\/de\/?s={search_term_string}\"},\"query-input\":{\"@type\":\"PropertyValueSpecification\",\"valueRequired\":true,\"valueName\":\"search_term_string\"}}],\"inLanguage\":\"de\"},{\"@type\":\"Organization\",\"@id\":\"https:\/\/temket.com\/de\/#organization\",\"name\":\"Temati\",\"url\":\"https:\/\/temket.com\/de\/\",\"logo\":{\"@type\":\"ImageObject\",\"inLanguage\":\"de\",\"@id\":\"https:\/\/temket.com\/de\/#\/schema\/logo\/image\/\",\"url\":\"https:\/\/temket.com\/wp-content\/uploads\/Temati.svg\",\"contentUrl\":\"https:\/\/temket.com\/wp-content\/uploads\/Temati.svg\",\"width\":1,\"height\":1,\"caption\":\"Temati\"},\"image\":{\"@id\":\"https:\/\/temket.com\/de\/#\/schema\/logo\/image\/\"},\"sameAs\":[\"https:\/\/www.linkedin.com\/company\/temati\/\"]}]}<\/script>\n<!-- \/ Yoast SEO plugin. -->","yoast_head_json":{"title":"Isoliermatratze f\u00fcr Flansch Mittel (D1) - Temket","description":"Universelle Isoliermatratze f\u00fcr kleine und mittlere Flansche\/Kompensatoren. Einfach zu installieren ohne technische Kenntnisse oder Erfahrung mit Isolierung.","robots":{"index":"index","follow":"follow","max-snippet":"max-snippet:-1","max-image-preview":"max-image-preview:large","max-video-preview":"max-video-preview:-1"},"canonical":"https:\/\/temket.com\/de\/produkt\/isoliermatratze-fuer-flansch-mittel-d1\/","og_locale":"de_DE","og_type":"article","og_title":"Isoliermatratze f\u00fcr Flansch Mittel (D1) - Temket","og_description":"Universelle Isoliermatratze f\u00fcr kleine und mittlere Flansche\/Kompensatoren. Einfach zu installieren ohne technische Kenntnisse oder Erfahrung mit Isolierung.","og_url":"https:\/\/temket.com\/de\/produkt\/isoliermatratze-fuer-flansch-mittel-d1\/","og_site_name":"Temket","article_publisher":"https:\/\/www.linkedin.com\/company\/temati\/","article_modified_time":"2026-03-08T19:35:20+00:00","og_image":[{"width":880,"height":880,"url":"https:\/\/temket.com\/wp-content\/uploads\/Temket-isolatiematras-flens-D1-maten.jpg","type":"image\/jpeg"}],"twitter_card":"summary_large_image","schema":{"@context":"https:\/\/schema.org","@graph":[{"@type":"WebPage","@id":"https:\/\/temket.com\/de\/produkt\/isoliermatratze-fuer-flansch-mittel-d1\/","url":"https:\/\/temket.com\/de\/produkt\/isoliermatratze-fuer-flansch-mittel-d1\/","name":"Isoliermatratze f\u00fcr Flansch Mittel (D1) - Temket","isPartOf":{"@id":"https:\/\/temket.com\/de\/#website"},"primaryImageOfPage":{"@id":"https:\/\/temket.com\/de\/produkt\/isoliermatratze-fuer-flansch-mittel-d1\/#primaryimage"},"image":{"@id":"https:\/\/temket.com\/de\/produkt\/isoliermatratze-fuer-flansch-mittel-d1\/#primaryimage"},"thumbnailUrl":"https:\/\/temket.com\/wp-content\/uploads\/Temket-isolatiematras-flens-D1-maten.jpg","datePublished":"2024-03-04T11:16:47+00:00","dateModified":"2026-03-08T19:35:20+00:00","description":"Universelle Isoliermatratze f\u00fcr kleine und mittlere Flansche\/Kompensatoren. Einfach zu installieren ohne technische Kenntnisse oder Erfahrung mit Isolierung.","breadcrumb":{"@id":"https:\/\/temket.com\/de\/produkt\/isoliermatratze-fuer-flansch-mittel-d1\/#breadcrumb"},"inLanguage":"de","potentialAction":[{"@type":"ReadAction","target":["https:\/\/temket.com\/de\/produkt\/isoliermatratze-fuer-flansch-mittel-d1\/"]}]},{"@type":"ImageObject","inLanguage":"de","@id":"https:\/\/temket.com\/de\/produkt\/isoliermatratze-fuer-flansch-mittel-d1\/#primaryimage","url":"https:\/\/temket.com\/wp-content\/uploads\/Temket-isolatiematras-flens-D1-maten.jpg","contentUrl":"https:\/\/temket.com\/wp-content\/uploads\/Temket-isolatiematras-flens-D1-maten.jpg","width":880,"height":880},{"@type":"BreadcrumbList","@id":"https:\/\/temket.com\/de\/produkt\/isoliermatratze-fuer-flansch-mittel-d1\/#breadcrumb","itemListElement":[{"@type":"ListItem","position":1,"name":"Home","item":"https:\/\/temket.com\/de\/"},{"@type":"ListItem","position":2,"name":"Shop","item":"https:\/\/temket.com\/de\/laden\/"},{"@type":"ListItem","position":3,"name":"Isoliermatratze f\u00fcr Flansch Mittel (D1)"}]},{"@type":"WebSite","@id":"https:\/\/temket.com\/de\/#website","url":"https:\/\/temket.com\/de\/","name":"Temket isolatiematrassen","description":"Universelle Isoliermatratzen","publisher":{"@id":"https:\/\/temket.com\/de\/#organization"},"alternateName":"Temket","potentialAction":[{"@type":"SearchAction","target":{"@type":"EntryPoint","urlTemplate":"https:\/\/temket.com\/de\/?s={search_term_string}"},"query-input":{"@type":"PropertyValueSpecification","valueRequired":true,"valueName":"search_term_string"}}],"inLanguage":"de"},{"@type":"Organization","@id":"https:\/\/temket.com\/de\/#organization","name":"Temati","url":"https:\/\/temket.com\/de\/","logo":{"@type":"ImageObject","inLanguage":"de","@id":"https:\/\/temket.com\/de\/#\/schema\/logo\/image\/","url":"https:\/\/temket.com\/wp-content\/uploads\/Temati.svg","contentUrl":"https:\/\/temket.com\/wp-content\/uploads\/Temati.svg","width":1,"height":1,"caption":"Temati"},"image":{"@id":"https:\/\/temket.com\/de\/#\/schema\/logo\/image\/"},"sameAs":["https:\/\/www.linkedin.com\/company\/temati\/"]}]}},"_links":{"self":[{"href":"https:\/\/temket.com\/de\/wp-json\/wp\/v2\/product\/8841","targetHints":{"allow":["GET"]}}],"collection":[{"href":"https:\/\/temket.com\/de\/wp-json\/wp\/v2\/product"}],"about":[{"href":"https:\/\/temket.com\/de\/wp-json\/wp\/v2\/types\/product"}],"replies":[{"embeddable":true,"href":"https:\/\/temket.com\/de\/wp-json\/wp\/v2\/comments?post=8841"}],"wp:featuredmedia":[{"embeddable":true,"href":"https:\/\/temket.com\/de\/wp-json\/wp\/v2\/media\/8842"}],"wp:attachment":[{"href":"https:\/\/temket.com\/de\/wp-json\/wp\/v2\/media?parent=8841"}],"wp:term":[{"taxonomy":"product_brand","embeddable":true,"href":"https:\/\/temket.com\/de\/wp-json\/wp\/v2\/product_brand?post=8841"},{"taxonomy":"product_cat","embeddable":true,"href":"https:\/\/temket.com\/de\/wp-json\/wp\/v2\/product_cat?post=8841"},{"taxonomy":"product_tag","embeddable":true,"href":"https:\/\/temket.com\/de\/wp-json\/wp\/v2\/product_tag?post=8841"}],"curies":[{"name":"wp","href":"https:\/\/api.w.org\/{rel}","templated":true}]}}