{"id":8851,"date":"2022-02-28T19:42:23","date_gmt":"2022-02-28T18:42:23","guid":{"rendered":"https:\/\/temket.com\/product\/isoliermatratze-fuer-armaturen-klein-a1\/"},"modified":"2026-04-25T09:54:14","modified_gmt":"2026-04-25T07:54:14","slug":"isoliermatratze-fuer-armaturen-klein-a1","status":"publish","type":"product","link":"https:\/\/temket.com\/de\/produkt\/isoliermatratze-fuer-armaturen-klein-a1\/","title":{"rendered":"Isoliermatratze f\u00fcr Armaturen klein (A1)"},"content":{"rendered":"<p>Die <strong>Isoliermatratze f\u00fcr Armaturen klein (Typ A1)<\/strong> ist f\u00fcr unisolierte Armaturen mit einem maximalen Durchmesser von 70 mm geeignet.<\/p>\n<p>Isoliermatratzen f\u00fcr Armaturen k\u00f6nnen mit <a href=\"https:\/\/temket.com\/de\/produkt-kategorie\/rohrabschnitte\/\" target=\"_blank\" rel=\"noopener\">Matratzen f\u00fcr Rohre<\/a> kombiniert werden. Auf diese Weise kann eine unisolierte L\u00e4nge (a) von mehr als 160 mm immer noch leicht isoliert werden. Neben dem Typ A1 liefern wir auch den Typ A2 f\u00fcr gr\u00f6\u00dfere Formst\u00fccke.<\/p>\n<p>Bitte sehen Sie sich das letzte Bild in der Galerie oben an, um zu sehen, worauf sich die maximalen Gr\u00f6\u00dfen (a und b) beziehen.<\/p>\n<p>a) Max. unisolierte L\u00e4nge: 160mm (Rohr + Fitting)<br \/>\nb) Maximaler Durchmesser: 70 mm<\/p>\n<h2>Brauchen Sie Hilfe?<\/h2>\n<p><a href=\"\/de\/brauchen-sie-hilfe\/\">Schicken Sie uns ein Foto<\/a> und wir beraten Sie gerne \u00fcber die M\u00f6glichkeiten der Isolierung mit Universalmatratzen.<\/p>\n","protected":false},"excerpt":{"rendered":"<p>Universelle Isoliermatratze f\u00fcr Armaturen. Geeignet f\u00fcr die meisten Flansche, Ventile und andere Fittings von DN15 bis DN20 (\u00fcberpr\u00fcfen Sie die Gr\u00f6\u00dfen unten, um die Eignung zu best\u00e4tigen).<\/p>\n<p>a) Max. unisolierte L\u00e4nge: 160mm (Rohr + Fitting)<br \/>\nb) Maximaler Durchmesser: 70 mm<\/p>\n<p><a href=\"https:\/\/temket.com\/wp-content\/uploads\/TDS-Temket_Universal_DE_20250106.pdf\" target=\"_blank\" rel=\"noopener\">Technisches Datenblatt<\/a><\/p>\n","protected":false},"featured_media":8846,"comment_status":"closed","ping_status":"closed","template":"","meta":[],"product_brand":[],"product_cat":[202,199],"product_tag":[],"class_list":{"0":"post-8851","1":"product","2":"type-product","3":"status-publish","4":"has-post-thumbnail","6":"product_cat-armaturen","7":"product_cat-temket-universelle-isoliermatratzen","9":"first","10":"instock","11":"taxable","12":"shipping-taxable","13":"purchasable","14":"product-type-simple"},"yoast_head":"<!-- This site is optimized with the Yoast SEO plugin v27.5 - https:\/\/yoast.com\/product\/yoast-seo-wordpress\/ -->\n<title>Isoliermatratze f\u00fcr Armaturen klein (A1) - Temket<\/title>\n<meta name=\"description\" content=\"Universelle Isoliermatratze f\u00fcr Armaturen bis DN20. Einfach zu installieren ohne technische Kenntnisse oder Erfahrung mit Isolierung.\" \/>\n<meta name=\"robots\" content=\"index, follow, max-snippet:-1, max-image-preview:large, max-video-preview:-1\" \/>\n<link rel=\"canonical\" href=\"https:\/\/temket.com\/de\/produkt\/isoliermatratze-fuer-armaturen-klein-a1\/\" \/>\n<meta property=\"og:locale\" content=\"de_DE\" \/>\n<meta property=\"og:type\" content=\"article\" \/>\n<meta property=\"og:title\" content=\"Isoliermatratze f\u00fcr Armaturen klein (A1) - Temket\" \/>\n<meta property=\"og:description\" content=\"Universelle Isoliermatratze f\u00fcr Armaturen bis DN20. Einfach zu installieren ohne technische Kenntnisse oder Erfahrung mit Isolierung.\" \/>\n<meta property=\"og:url\" content=\"https:\/\/temket.com\/de\/produkt\/isoliermatratze-fuer-armaturen-klein-a1\/\" \/>\n<meta property=\"og:site_name\" content=\"Temket\" \/>\n<meta property=\"article:publisher\" content=\"https:\/\/www.linkedin.com\/company\/temati\/\" \/>\n<meta property=\"article:modified_time\" content=\"2026-04-25T07:54:14+00:00\" \/>\n<meta property=\"og:image\" content=\"https:\/\/temket.com\/wp-content\/uploads\/A1-Fitting-small.jpg\" \/>\n\t<meta property=\"og:image:width\" content=\"1000\" \/>\n\t<meta property=\"og:image:height\" content=\"1000\" \/>\n\t<meta property=\"og:image:type\" content=\"image\/jpeg\" \/>\n<meta name=\"twitter:card\" content=\"summary_large_image\" \/>\n<meta name=\"twitter:label1\" content=\"Gesch\u00e4tzte Lesezeit\" \/>\n\t<meta name=\"twitter:data1\" content=\"1\u00a0Minute\" \/>\n<script type=\"application\/ld+json\" class=\"yoast-schema-graph\">{\"@context\":\"https:\\\/\\\/schema.org\",\"@graph\":[{\"@type\":\"WebPage\",\"@id\":\"https:\\\/\\\/temket.com\\\/de\\\/produkt\\\/isoliermatratze-fuer-armaturen-klein-a1\\\/\",\"url\":\"https:\\\/\\\/temket.com\\\/de\\\/produkt\\\/isoliermatratze-fuer-armaturen-klein-a1\\\/\",\"name\":\"Isoliermatratze f\u00fcr Armaturen klein (A1) - Temket\",\"isPartOf\":{\"@id\":\"https:\\\/\\\/temket.com\\\/de\\\/#website\"},\"primaryImageOfPage\":{\"@id\":\"https:\\\/\\\/temket.com\\\/de\\\/produkt\\\/isoliermatratze-fuer-armaturen-klein-a1\\\/#primaryimage\"},\"image\":{\"@id\":\"https:\\\/\\\/temket.com\\\/de\\\/produkt\\\/isoliermatratze-fuer-armaturen-klein-a1\\\/#primaryimage\"},\"thumbnailUrl\":\"https:\\\/\\\/temket.com\\\/wp-content\\\/uploads\\\/A1-Fitting-small.jpg\",\"datePublished\":\"2022-02-28T18:42:23+00:00\",\"dateModified\":\"2026-04-25T07:54:14+00:00\",\"description\":\"Universelle Isoliermatratze f\u00fcr Armaturen bis DN20. Einfach zu installieren ohne technische Kenntnisse oder Erfahrung mit Isolierung.\",\"breadcrumb\":{\"@id\":\"https:\\\/\\\/temket.com\\\/de\\\/produkt\\\/isoliermatratze-fuer-armaturen-klein-a1\\\/#breadcrumb\"},\"inLanguage\":\"de\",\"potentialAction\":[{\"@type\":\"ReadAction\",\"target\":[\"https:\\\/\\\/temket.com\\\/de\\\/produkt\\\/isoliermatratze-fuer-armaturen-klein-a1\\\/\"]}]},{\"@type\":\"ImageObject\",\"inLanguage\":\"de\",\"@id\":\"https:\\\/\\\/temket.com\\\/de\\\/produkt\\\/isoliermatratze-fuer-armaturen-klein-a1\\\/#primaryimage\",\"url\":\"https:\\\/\\\/temket.com\\\/wp-content\\\/uploads\\\/A1-Fitting-small.jpg\",\"contentUrl\":\"https:\\\/\\\/temket.com\\\/wp-content\\\/uploads\\\/A1-Fitting-small.jpg\",\"width\":1000,\"height\":1000},{\"@type\":\"BreadcrumbList\",\"@id\":\"https:\\\/\\\/temket.com\\\/de\\\/produkt\\\/isoliermatratze-fuer-armaturen-klein-a1\\\/#breadcrumb\",\"itemListElement\":[{\"@type\":\"ListItem\",\"position\":1,\"name\":\"Home\",\"item\":\"https:\\\/\\\/temket.com\\\/de\\\/\"},{\"@type\":\"ListItem\",\"position\":2,\"name\":\"Shop\",\"item\":\"https:\\\/\\\/temket.com\\\/de\\\/laden\\\/\"},{\"@type\":\"ListItem\",\"position\":3,\"name\":\"Isoliermatratze f\u00fcr Armaturen klein (A1)\"}]},{\"@type\":\"WebSite\",\"@id\":\"https:\\\/\\\/temket.com\\\/de\\\/#website\",\"url\":\"https:\\\/\\\/temket.com\\\/de\\\/\",\"name\":\"Temket isolatiematrassen\",\"description\":\"Universelle Isoliermatratzen\",\"publisher\":{\"@id\":\"https:\\\/\\\/temket.com\\\/de\\\/#organization\"},\"alternateName\":\"Temket\",\"potentialAction\":[{\"@type\":\"SearchAction\",\"target\":{\"@type\":\"EntryPoint\",\"urlTemplate\":\"https:\\\/\\\/temket.com\\\/de\\\/?s={search_term_string}\"},\"query-input\":{\"@type\":\"PropertyValueSpecification\",\"valueRequired\":true,\"valueName\":\"search_term_string\"}}],\"inLanguage\":\"de\"},{\"@type\":\"Organization\",\"@id\":\"https:\\\/\\\/temket.com\\\/de\\\/#organization\",\"name\":\"Temati\",\"url\":\"https:\\\/\\\/temket.com\\\/de\\\/\",\"logo\":{\"@type\":\"ImageObject\",\"inLanguage\":\"de\",\"@id\":\"https:\\\/\\\/temket.com\\\/de\\\/#\\\/schema\\\/logo\\\/image\\\/\",\"url\":\"https:\\\/\\\/temket.com\\\/wp-content\\\/uploads\\\/Temati.svg\",\"contentUrl\":\"https:\\\/\\\/temket.com\\\/wp-content\\\/uploads\\\/Temati.svg\",\"width\":1,\"height\":1,\"caption\":\"Temati\"},\"image\":{\"@id\":\"https:\\\/\\\/temket.com\\\/de\\\/#\\\/schema\\\/logo\\\/image\\\/\"},\"sameAs\":[\"https:\\\/\\\/www.linkedin.com\\\/company\\\/temati\\\/\"]}]}<\/script>\n<!-- \/ Yoast SEO plugin. -->","yoast_head_json":{"title":"Isoliermatratze f\u00fcr Armaturen klein (A1) - Temket","description":"Universelle Isoliermatratze f\u00fcr Armaturen bis DN20. Einfach zu installieren ohne technische Kenntnisse oder Erfahrung mit Isolierung.","robots":{"index":"index","follow":"follow","max-snippet":"max-snippet:-1","max-image-preview":"max-image-preview:large","max-video-preview":"max-video-preview:-1"},"canonical":"https:\/\/temket.com\/de\/produkt\/isoliermatratze-fuer-armaturen-klein-a1\/","og_locale":"de_DE","og_type":"article","og_title":"Isoliermatratze f\u00fcr Armaturen klein (A1) - Temket","og_description":"Universelle Isoliermatratze f\u00fcr Armaturen bis DN20. Einfach zu installieren ohne technische Kenntnisse oder Erfahrung mit Isolierung.","og_url":"https:\/\/temket.com\/de\/produkt\/isoliermatratze-fuer-armaturen-klein-a1\/","og_site_name":"Temket","article_publisher":"https:\/\/www.linkedin.com\/company\/temati\/","article_modified_time":"2026-04-25T07:54:14+00:00","og_image":[{"width":1000,"height":1000,"url":"https:\/\/temket.com\/wp-content\/uploads\/A1-Fitting-small.jpg","type":"image\/jpeg"}],"twitter_card":"summary_large_image","twitter_misc":{"Gesch\u00e4tzte Lesezeit":"1\u00a0Minute"},"schema":{"@context":"https:\/\/schema.org","@graph":[{"@type":"WebPage","@id":"https:\/\/temket.com\/de\/produkt\/isoliermatratze-fuer-armaturen-klein-a1\/","url":"https:\/\/temket.com\/de\/produkt\/isoliermatratze-fuer-armaturen-klein-a1\/","name":"Isoliermatratze f\u00fcr Armaturen klein (A1) - Temket","isPartOf":{"@id":"https:\/\/temket.com\/de\/#website"},"primaryImageOfPage":{"@id":"https:\/\/temket.com\/de\/produkt\/isoliermatratze-fuer-armaturen-klein-a1\/#primaryimage"},"image":{"@id":"https:\/\/temket.com\/de\/produkt\/isoliermatratze-fuer-armaturen-klein-a1\/#primaryimage"},"thumbnailUrl":"https:\/\/temket.com\/wp-content\/uploads\/A1-Fitting-small.jpg","datePublished":"2022-02-28T18:42:23+00:00","dateModified":"2026-04-25T07:54:14+00:00","description":"Universelle Isoliermatratze f\u00fcr Armaturen bis DN20. Einfach zu installieren ohne technische Kenntnisse oder Erfahrung mit Isolierung.","breadcrumb":{"@id":"https:\/\/temket.com\/de\/produkt\/isoliermatratze-fuer-armaturen-klein-a1\/#breadcrumb"},"inLanguage":"de","potentialAction":[{"@type":"ReadAction","target":["https:\/\/temket.com\/de\/produkt\/isoliermatratze-fuer-armaturen-klein-a1\/"]}]},{"@type":"ImageObject","inLanguage":"de","@id":"https:\/\/temket.com\/de\/produkt\/isoliermatratze-fuer-armaturen-klein-a1\/#primaryimage","url":"https:\/\/temket.com\/wp-content\/uploads\/A1-Fitting-small.jpg","contentUrl":"https:\/\/temket.com\/wp-content\/uploads\/A1-Fitting-small.jpg","width":1000,"height":1000},{"@type":"BreadcrumbList","@id":"https:\/\/temket.com\/de\/produkt\/isoliermatratze-fuer-armaturen-klein-a1\/#breadcrumb","itemListElement":[{"@type":"ListItem","position":1,"name":"Home","item":"https:\/\/temket.com\/de\/"},{"@type":"ListItem","position":2,"name":"Shop","item":"https:\/\/temket.com\/de\/laden\/"},{"@type":"ListItem","position":3,"name":"Isoliermatratze f\u00fcr Armaturen klein (A1)"}]},{"@type":"WebSite","@id":"https:\/\/temket.com\/de\/#website","url":"https:\/\/temket.com\/de\/","name":"Temket isolatiematrassen","description":"Universelle Isoliermatratzen","publisher":{"@id":"https:\/\/temket.com\/de\/#organization"},"alternateName":"Temket","potentialAction":[{"@type":"SearchAction","target":{"@type":"EntryPoint","urlTemplate":"https:\/\/temket.com\/de\/?s={search_term_string}"},"query-input":{"@type":"PropertyValueSpecification","valueRequired":true,"valueName":"search_term_string"}}],"inLanguage":"de"},{"@type":"Organization","@id":"https:\/\/temket.com\/de\/#organization","name":"Temati","url":"https:\/\/temket.com\/de\/","logo":{"@type":"ImageObject","inLanguage":"de","@id":"https:\/\/temket.com\/de\/#\/schema\/logo\/image\/","url":"https:\/\/temket.com\/wp-content\/uploads\/Temati.svg","contentUrl":"https:\/\/temket.com\/wp-content\/uploads\/Temati.svg","width":1,"height":1,"caption":"Temati"},"image":{"@id":"https:\/\/temket.com\/de\/#\/schema\/logo\/image\/"},"sameAs":["https:\/\/www.linkedin.com\/company\/temati\/"]}]}},"_links":{"self":[{"href":"https:\/\/temket.com\/de\/wp-json\/wp\/v2\/product\/8851","targetHints":{"allow":["GET"]}}],"collection":[{"href":"https:\/\/temket.com\/de\/wp-json\/wp\/v2\/product"}],"about":[{"href":"https:\/\/temket.com\/de\/wp-json\/wp\/v2\/types\/product"}],"replies":[{"embeddable":true,"href":"https:\/\/temket.com\/de\/wp-json\/wp\/v2\/comments?post=8851"}],"wp:featuredmedia":[{"embeddable":true,"href":"https:\/\/temket.com\/de\/wp-json\/wp\/v2\/media\/8846"}],"wp:attachment":[{"href":"https:\/\/temket.com\/de\/wp-json\/wp\/v2\/media?parent=8851"}],"wp:term":[{"taxonomy":"product_brand","embeddable":true,"href":"https:\/\/temket.com\/de\/wp-json\/wp\/v2\/product_brand?post=8851"},{"taxonomy":"product_cat","embeddable":true,"href":"https:\/\/temket.com\/de\/wp-json\/wp\/v2\/product_cat?post=8851"},{"taxonomy":"product_tag","embeddable":true,"href":"https:\/\/temket.com\/de\/wp-json\/wp\/v2\/product_tag?post=8851"}],"curies":[{"name":"wp","href":"https:\/\/api.w.org\/{rel}","templated":true}]}}